{"id":2,"date":"2024-03-17T20:35:19","date_gmt":"2024-03-17T19:35:19","guid":{"rendered":"http:\/\/hochzeit.uber.space\/?page_id=2"},"modified":"2024-09-23T15:17:58","modified_gmt":"2024-09-23T13:17:58","slug":"beispiel-seite","status":"publish","type":"page","link":"https:\/\/hochzeit.uber.space\/","title":{"rendered":"Vielen Dank\u00a0\u2026"},"content":{"rendered":"\n<p><strong>&#8230; ihr wilden Rockabillys und Rockabellas!<\/strong><\/p>\n\n\n\n<p>Wir m\u00f6chten uns von Herzen bei euch bedanken \u2013 daf\u00fcr, dass ihr unsere Party zu einem unvergesslichen Erlebnis gemacht habt. Euer Kommen, eure Energie und eure gute Laune haben den Tag f\u00fcr uns zu etwas ganz Besonderem gemacht. Wir hatten unglaublich viel Spa\u00df und haben jede Minute genossen!<\/p>\n\n\n\n<p>Au\u00dferdem m\u00f6chten wir uns f\u00fcr die vielen Geschenke und Gl\u00fcckw\u00fcnsche bedanken, die uns wirklich \u00fcberw\u00e4ltigt haben. Eure Gro\u00dfz\u00fcgigkeit und Freundschaft bedeuten uns sehr viel!<\/p>\n\n\n\n<p>Nochmals ein riesiges Dankesch\u00f6n an euch alle \u2013 ihr seid einfach gro\u00dfartig!<\/p>\n\n\n\n<h2 class=\"wp-block-heading has-text-align-center\">Photos<\/h2>\n\n\n\n<p><\/p>\n\n\n\n<h3 class=\"wp-block-heading has-text-align-center\">Kopenhagen<\/h3>\n\n\n\nngg_shortcode_0_placeholder\n\n\n\n<p><\/p>\n\n\n\n<h3 class=\"wp-block-heading has-text-align-center\">Photobooth<\/h3>\n\n\n\nngg_shortcode_1_placeholder\n\n\n\n<h3 class=\"wp-block-heading has-text-align-center\">Party<\/h3>\n\n\n\nngg_shortcode_2_placeholder\n\n\n\n<figure class=\"wp-block-image size-large is-resized s-style-default\" style=\"text-align: center\"><img loading=\"lazy\" decoding=\"async\" width=\"400\" height=\"538\" src=\"http:\/\/hochzeit.uber.space\/wp-content\/uploads\/2024\/07\/Wedding-761x1024.png\" alt=\"\" class=\"wp-image-195\" style=\"width:400px;\" srcset=\"https:\/\/hochzeit.uber.space\/wp-content\/uploads\/2024\/07\/Wedding-761x1024.png 761w, https:\/\/hochzeit.uber.space\/wp-content\/uploads\/2024\/07\/Wedding-223x300.png 223w, https:\/\/hochzeit.uber.space\/wp-content\/uploads\/2024\/07\/Wedding-768x1034.png 768w, https:\/\/hochzeit.uber.space\/wp-content\/uploads\/2024\/07\/Wedding-1141x1536.png 1141w, https:\/\/hochzeit.uber.space\/wp-content\/uploads\/2024\/07\/Wedding.png 1331w\" sizes=\"auto, (max-width: 400px) 100vw, 400px\" \/><\/figure>\n\n\n<div class=\"wp-block-image is-style-rounded\">\n<figure class=\"aligncenter size-medium\"><img loading=\"lazy\" decoding=\"async\" width=\"300\" height=\"168\" src=\"https:\/\/hochzeit.uber.space\/wp-content\/uploads\/2024\/03\/Antrag-Kopie-300x168.jpg\" alt=\"\" class=\"wp-image-133\" srcset=\"https:\/\/hochzeit.uber.space\/wp-content\/uploads\/2024\/03\/Antrag-Kopie-300x168.jpg 300w, https:\/\/hochzeit.uber.space\/wp-content\/uploads\/2024\/03\/Antrag-Kopie-1024x574.jpg 1024w, https:\/\/hochzeit.uber.space\/wp-content\/uploads\/2024\/03\/Antrag-Kopie-768x430.jpg 768w, https:\/\/hochzeit.uber.space\/wp-content\/uploads\/2024\/03\/Antrag-Kopie-1536x861.jpg 1536w, https:\/\/hochzeit.uber.space\/wp-content\/uploads\/2024\/03\/Antrag-Kopie-2048x1148.jpg 2048w\" sizes=\"auto, (max-width: 300px) 100vw, 300px\" \/><\/figure>\n<\/div>","protected":false},"excerpt":{"rendered":"<p>&#8230; ihr wilden Rockabillys und Rockabellas! Wir m\u00f6chten uns von Herzen bei euch bedanken \u2013 daf\u00fcr, dass ihr unsere Party zu einem unvergesslichen Erlebnis gemacht&hellip;<\/p>\n","protected":false},"author":1,"featured_media":99,"parent":0,"menu_order":0,"comment_status":"closed","ping_status":"open","template":"","meta":{"ngg_post_thumbnail":0,"pgc_sgb_lightbox_settings":"","footnotes":""},"class_list":["post-2","page","type-page","status-publish","has-post-thumbnail","hentry"],"_links":{"self":[{"href":"https:\/\/hochzeit.uber.space\/index.php?rest_route=\/wp\/v2\/pages\/2","targetHints":{"allow":["GET"]}}],"collection":[{"href":"https:\/\/hochzeit.uber.space\/index.php?rest_route=\/wp\/v2\/pages"}],"about":[{"href":"https:\/\/hochzeit.uber.space\/index.php?rest_route=\/wp\/v2\/types\/page"}],"author":[{"embeddable":true,"href":"https:\/\/hochzeit.uber.space\/index.php?rest_route=\/wp\/v2\/users\/1"}],"replies":[{"embeddable":true,"href":"https:\/\/hochzeit.uber.space\/index.php?rest_route=%2Fwp%2Fv2%2Fcomments&post=2"}],"version-history":[{"count":58,"href":"https:\/\/hochzeit.uber.space\/index.php?rest_route=\/wp\/v2\/pages\/2\/revisions"}],"predecessor-version":[{"id":352,"href":"https:\/\/hochzeit.uber.space\/index.php?rest_route=\/wp\/v2\/pages\/2\/revisions\/352"}],"wp:featuredmedia":[{"embeddable":true,"href":"https:\/\/hochzeit.uber.space\/index.php?rest_route=\/wp\/v2\/media\/99"}],"wp:attachment":[{"href":"https:\/\/hochzeit.uber.space\/index.php?rest_route=%2Fwp%2Fv2%2Fmedia&parent=2"}],"curies":[{"name":"wp","href":"https:\/\/api.w.org\/{rel}","templated":true}]}}